{"id":12,"date":"2024-07-23T15:14:50","date_gmt":"2024-07-23T13:14:50","guid":{"rendered":"https:\/\/anton-steaks.de\/?page_id=12"},"modified":"2026-02-01T11:23:08","modified_gmt":"2026-02-01T10:23:08","slug":"home","status":"publish","type":"page","link":"https:\/\/anton-steaks.de\/","title":{"rendered":"Home"},"content":{"rendered":"<p>[et_pb_section fb_built=&#8220;1&#8243; admin_label=&#8220;Header&#8220; _builder_version=&#8220;4.27.4&#8243; _module_preset=&#8220;default&#8220; background_image=&#8220;https:\/\/anton-steaks.de\/wp-content\/uploads\/2024\/07\/as_himself_1920-1080&#215;675-1.jpg&#8220; min_height=&#8220;426.3px&#8220; custom_padding=&#8220;0%||0%||true|false&#8220; locked=&#8220;off&#8220; collapsed=&#8220;on&#8220; global_colors_info=&#8220;{}&#8220;][et_pb_row _builder_version=&#8220;4.27.4&#8243; _module_preset=&#8220;default&#8220; max_width=&#8220;1234px&#8220; global_colors_info=&#8220;{}&#8220;][et_pb_column type=&#8220;4_4&#8243; _builder_version=&#8220;4.17.4&#8243; _module_preset=&#8220;default&#8220; global_colors_info=&#8220;{}&#8220;][et_pb_text _builder_version=&#8220;4.17.4&#8243; _module_preset=&#8220;e6504a1b-67eb-4b3d-b023-bcab277610b6&#8243; header_4_font=&#8220;Inter|700||on|||||&#8220; header_4_text_color=&#8220;#FF6A00&#8243; header_4_font_size=&#8220;14px&#8220; header_4_letter_spacing=&#8220;0.3em&#8220; header_4_line_height=&#8220;1.4em&#8220; text_orientation=&#8220;center&#8220; custom_margin=&#8220;||0px||false|false&#8220; global_colors_info=&#8220;{}&#8220;][\/et_pb_text][et_pb_text _builder_version=&#8220;4.27.5&#8243; _module_preset=&#8220;c16985e1-e0d6-4022-964d-e2bfc04fa633&#8243; text_font=&#8220;&#8211;et_global_heading_font||||||||&#8220; header_font=&#8220;&#8211;et_global_heading_font|600|||||||&#8220; header_text_color=&#8220;#FFFFFF&#8220; header_font_size=&#8220;75px&#8220; header_line_height=&#8220;1.2em&#8220; text_orientation=&#8220;center&#8220; animation_style=&#8220;zoom&#8220; hover_enabled=&#8220;0&#8243; header_font_size_tablet=&#8220;40px&#8220; header_font_size_phone=&#8220;24px&#8220; header_font_size_last_edited=&#8220;on|desktop&#8220; global_colors_info=&#8220;{}&#8220; sticky_enabled=&#8220;0&#8243;]<\/p>\n<h1>ANTON<\/h1>\n<p>[\/et_pb_text][\/et_pb_column][\/et_pb_row][\/et_pb_section][et_pb_section fb_built=&#8220;1&#8243; admin_label=&#8220;Categories&#8220; _builder_version=&#8220;4.24.0&#8243; _module_preset=&#8220;default&#8220; background_color=&#8220;#f2f2f9&#8243; custom_padding=&#8220;19px|||||&#8220; locked=&#8220;off&#8220; collapsed=&#8220;on&#8220; global_colors_info=&#8220;{}&#8220;][et_pb_row _builder_version=&#8220;4.27.4&#8243; _module_preset=&#8220;default&#8220; custom_margin=&#8220;-25px|auto||auto||&#8220; custom_padding=&#8220;52px|||||&#8220; animation_style=&#8220;zoom&#8220; global_colors_info=&#8220;{}&#8220;][et_pb_column type=&#8220;4_4&#8243; _builder_version=&#8220;4.27.0&#8243; _module_preset=&#8220;default&#8220; global_colors_info=&#8220;{}&#8220;][et_pb_image src=&#8220;https:\/\/anton-steaks.de\/wp-content\/uploads\/2025\/07\/ende1.png&#8220; title_text=&#8220;ende1&#8243; _builder_version=&#8220;4.27.4&#8243; _module_preset=&#8220;default&#8220; global_colors_info=&#8220;{}&#8220;][\/et_pb_image][\/et_pb_column][\/et_pb_row][et_pb_row column_structure=&#8220;1_2,1_2&#8243; _builder_version=&#8220;4.27.4&#8243; _module_preset=&#8220;default&#8220; custom_margin=&#8220;-25px|auto||auto||&#8220; custom_padding=&#8220;52px|||||&#8220; animation_style=&#8220;zoom&#8220; global_colors_info=&#8220;{}&#8220;][et_pb_column type=&#8220;1_2&#8243; _builder_version=&#8220;4.27.0&#8243; _module_preset=&#8220;default&#8220; global_colors_info=&#8220;{}&#8220;][et_pb_text _builder_version=&#8220;4.27.4&#8243; _module_preset=&#8220;default&#8220; animation_style=&#8220;zoom&#8220; global_colors_info=&#8220;{}&#8220;]<\/p>\n<p><strong>Grill aus. Herz voll.<\/strong><br \/><strong>Nur noch bis 11. Juli 2025<\/strong><\/p>\n<p>Liebe G\u00e4ste<\/p>\n<p style=\"text-align: justify;\">nach unglaublichen \u00fcber f\u00fcnf Jahrzehnten haben wir uns entschieden:<br \/>Das letzte Steak ist gegrillt und wir verabschieden uns mit einem lachenden und einem weinenden Auge. Mit \u00fcber 70 Jahren (kein Grund f\u00fcr einen Seniorenteller, aber vielleicht f\u00fcr etwas mehr Ruhe) haben wir beschlossen, unseren beruflichen Lebensinhalt \u2013 unser geliebtes ANTON \u2013 loszulassen und in einen neuen Lebensabschnitt zu starten.<br \/>Diese Entscheidung fiel uns nicht leicht, denn Ihr \u2013 unsere G\u00e4ste \u2013 wart weit mehr als nur hungrige Besucher. Ihr wart Familie, Freunde und Wegbegleiter.<\/p>\n<p>[\/et_pb_text][\/et_pb_column][et_pb_column type=&#8220;1_2&#8243; _builder_version=&#8220;4.27.0&#8243; _module_preset=&#8220;default&#8220; global_colors_info=&#8220;{}&#8220;][et_pb_text _builder_version=&#8220;4.27.4&#8243; _module_preset=&#8220;default&#8220; global_colors_info=&#8220;{}&#8220;]<\/p>\n<p style=\"text-align: justify;\">Gemeinsam haben wir Geburtstage, Jubil\u00e4en, Hochzeiten und vieles mehr gefeiert. Jedes L\u00e4cheln, jeder nette Gru\u00df und jeder leere Teller waren f\u00fcr uns ein riesiges Geschenk.<\/p>\n<p style=\"text-align: justify;\">Ab August 2025 \u00fcbernimmt ein neuer Familienbetrieb und f\u00fchrt die Steakhaus Tradition fort. Das freut uns sehr \u2013 unser Herzensprojekt bleibt also in guten H\u00e4nden und das war uns wichtig.<br \/>Wir danken Euch von Herzen f\u00fcr all die sch\u00f6nen Momente, unvergesslichen Begegnungen und vor allem f\u00fcr Euer Vertrauen und Eure Treue. Kommt doch gern noch einmal vorbei und feiert mit uns die Erinnerungen an diese wundervolle Zeit.<\/p>\n<p>Mit viel Liebe und einem saftigen St\u00fcck Dankbarkeit,<br \/>Marlene und Walter Anton<\/p>\n<p>[\/et_pb_text][\/et_pb_column][\/et_pb_row][\/et_pb_section]<\/p>\n","protected":false},"excerpt":{"rendered":"<p>ANTONGrill aus. Herz voll.Nur noch bis 11. Juli 2025 Liebe G\u00e4ste nach unglaublichen \u00fcber f\u00fcnf Jahrzehnten haben wir uns entschieden:Das letzte Steak ist gegrillt und wir verabschieden uns mit einem lachenden und einem weinenden Auge. Mit \u00fcber 70 Jahren (kein Grund f\u00fcr einen Seniorenteller, aber vielleicht f\u00fcr etwas mehr Ruhe) haben wir beschlossen, unseren beruflichen [&hellip;]<\/p>\n","protected":false},"author":1,"featured_media":0,"parent":0,"menu_order":0,"comment_status":"closed","ping_status":"closed","template":"","meta":{"_et_pb_use_builder":"on","_et_pb_old_content":"","_et_gb_content_width":"","footnotes":""},"class_list":["post-12","page","type-page","status-publish","hentry"],"_links":{"self":[{"href":"https:\/\/anton-steaks.de\/index.php\/wp-json\/wp\/v2\/pages\/12","targetHints":{"allow":["GET"]}}],"collection":[{"href":"https:\/\/anton-steaks.de\/index.php\/wp-json\/wp\/v2\/pages"}],"about":[{"href":"https:\/\/anton-steaks.de\/index.php\/wp-json\/wp\/v2\/types\/page"}],"author":[{"embeddable":true,"href":"https:\/\/anton-steaks.de\/index.php\/wp-json\/wp\/v2\/users\/1"}],"replies":[{"embeddable":true,"href":"https:\/\/anton-steaks.de\/index.php\/wp-json\/wp\/v2\/comments?post=12"}],"version-history":[{"count":38,"href":"https:\/\/anton-steaks.de\/index.php\/wp-json\/wp\/v2\/pages\/12\/revisions"}],"predecessor-version":[{"id":349,"href":"https:\/\/anton-steaks.de\/index.php\/wp-json\/wp\/v2\/pages\/12\/revisions\/349"}],"wp:attachment":[{"href":"https:\/\/anton-steaks.de\/index.php\/wp-json\/wp\/v2\/media?parent=12"}],"curies":[{"name":"wp","href":"https:\/\/api.w.org\/{rel}","templated":true}]}}