{"id":150,"date":"2024-07-23T21:23:49","date_gmt":"2024-07-23T19:23:49","guid":{"rendered":"https:\/\/anton-steaks.de\/?page_id=150"},"modified":"2025-07-12T11:42:03","modified_gmt":"2025-07-12T09:42:03","slug":"ueber-uns","status":"publish","type":"page","link":"https:\/\/anton-steaks.de\/index.php\/ueber-uns\/","title":{"rendered":"\u00dcber uns"},"content":{"rendered":"<p>[et_pb_section fb_built=&#8220;1&#8243; _builder_version=&#8220;4.27.0&#8243; _module_preset=&#8220;default&#8220; global_colors_info=&#8220;{}&#8220;][et_pb_row _builder_version=&#8220;4.27.0&#8243; _module_preset=&#8220;default&#8220; custom_padding=&#8220;4px||4px|||&#8220; global_colors_info=&#8220;{}&#8220;][et_pb_column type=&#8220;4_4&#8243; _builder_version=&#8220;4.27.0&#8243; _module_preset=&#8220;default&#8220; global_colors_info=&#8220;{}&#8220;][et_pb_text _builder_version=&#8220;4.27.0&#8243; _module_preset=&#8220;c16985e1-e0d6-4022-964d-e2bfc04fa633&#8243; text_font_size=&#8220;13px&#8220; header_font=&#8220;|600|||||||&#8220; header_text_align=&#8220;center&#8220; header_text_color=&#8220;#000000&#8243; header_font_size=&#8220;75px&#8220; header_line_height=&#8220;1.2em&#8220; width=&#8220;100%&#8220; custom_margin=&#8220;||30px||false|false&#8220; animation_style=&#8220;zoom&#8220; animation_direction=&#8220;left&#8220; header_font_size_tablet=&#8220;40px&#8220; header_font_size_phone=&#8220;24px&#8220; header_font_size_last_edited=&#8220;on|desktop&#8220; global_colors_info=&#8220;{}&#8220;]<\/p>\n<h1>Von damals bis heute<\/h1>\n<p>[\/et_pb_text][\/et_pb_column][\/et_pb_row][et_pb_row column_structure=&#8220;1_4,3_4&#8243; _builder_version=&#8220;4.27.0&#8243; _module_preset=&#8220;default&#8220; animation_style=&#8220;zoom&#8220; animation_direction=&#8220;left&#8220; global_colors_info=&#8220;{}&#8220;][et_pb_column type=&#8220;1_4&#8243; _builder_version=&#8220;4.27.0&#8243; _module_preset=&#8220;default&#8220; global_colors_info=&#8220;{}&#8220;][et_pb_image src=&#8220;https:\/\/anton-steaks.de\/wp-content\/uploads\/2024\/07\/anton-spinne.png&#8220; title_text=&#8220;anton-spinne&#8220; _builder_version=&#8220;4.27.0&#8243; _module_preset=&#8220;default&#8220; custom_padding=&#8220;|4px||||&#8220; global_colors_info=&#8220;{}&#8220;][\/et_pb_image][\/et_pb_column][et_pb_column type=&#8220;3_4&#8243; _builder_version=&#8220;4.27.0&#8243; _module_preset=&#8220;default&#8220; global_colors_info=&#8220;{}&#8220;][et_pb_text _builder_version=&#8220;4.27.0&#8243; _module_preset=&#8220;default&#8220; global_colors_info=&#8220;{}&#8220;]<\/p>\n<p style=\"text-align: justify;\"><span style=\"font-size: medium;\"><strong>1969 &#8211; 1980 &#8211; ANTON&#8217;S &#8222;SPINNE&#8220;<\/strong><\/span><br \/><span style=\"font-size: medium;\">Viele erinnern sich noch gerne an die turbulenten Zeiten in der SPINNE, zur damaligen Zeit (1969) wohl mit der angesagteste Laden in Pulheim. Hier traf man Alle und Jeden. Hier f\u00fchlte man sich wohl. Das Konzept der &#8222;Spinne&#8220; welches sich Walter Anton ausgedacht hatte funktionierte \u00fcber viele Jahre sehr gut aber es war nicht das was er eigentlich im Sinn hatte. Er tr\u00e4umte von einem Steak-Restaurant.<\/span><\/p>\n<p>[\/et_pb_text][\/et_pb_column][\/et_pb_row][et_pb_row column_structure=&#8220;1_4,3_4&#8243; _builder_version=&#8220;4.27.0&#8243; _module_preset=&#8220;default&#8220; animation_style=&#8220;zoom&#8220; animation_direction=&#8220;left&#8220; global_colors_info=&#8220;{}&#8220;][et_pb_column type=&#8220;1_4&#8243; _builder_version=&#8220;4.27.0&#8243; _module_preset=&#8220;default&#8220; global_colors_info=&#8220;{}&#8220;][et_pb_image src=&#8220;https:\/\/anton-steaks.de\/wp-content\/uploads\/2024\/07\/anton-glessen.png&#8220; title_text=&#8220;anton-glessen&#8220; _builder_version=&#8220;4.27.0&#8243; _module_preset=&#8220;default&#8220; custom_padding=&#8220;|0px||||&#8220; global_colors_info=&#8220;{}&#8220;][\/et_pb_image][\/et_pb_column][et_pb_column type=&#8220;3_4&#8243; _builder_version=&#8220;4.27.0&#8243; _module_preset=&#8220;default&#8220; global_colors_info=&#8220;{}&#8220;][et_pb_text _builder_version=&#8220;4.27.0&#8243; _module_preset=&#8220;default&#8220; global_colors_info=&#8220;{}&#8220;]<\/p>\n<p style=\"text-align: justify;\"><span style=\"font-size: medium;\"><strong><\/strong><\/span><strong>1980 \u2013 1985 \u2013 Anton\u2019s Steak-Restaurant in Glessen<\/strong><br \/>1980 war es dann soweit, er er\u00f6ffnete sein erstes Steak-Restaurant in Glessen. Walter Anton lie\u00df sich von seinen Auslandserfahrungen inspirieren, baute einen offenen Lava-Grill in den Gastraum, sodas die G\u00e4ste einen Blick auf die Grillaktivit\u00e4ten werfen konnten. Zu bestimmten Anl\u00e4ssen gab es Live Musik. So gab es manch unvergessene Abende mit Piano und Gitarren-Kombo. Der Lava-Grill war eine gute Wahl und sein hoher Anspruch an die Fleischqualit\u00e4t, nur bestes argentinisches Steakfleisch aufzulegen, brachten ihm bald viele positive R\u00fcckmeldungen. Aber der Aufwand die G\u00e4ste nach Glessen zu locken war doch recht hoch und so wurde Walter Anton den Gedanken an einen Ortswechsel nicht mehr los. Es dauerte 5 Jahre bis sich endlich in B\u00fcsdorf eine geeignete Location finden lie\u00df.<\/p>\n<p>[\/et_pb_text][\/et_pb_column][\/et_pb_row][et_pb_row column_structure=&#8220;1_4,3_4&#8243; _builder_version=&#8220;4.27.0&#8243; _module_preset=&#8220;default&#8220; animation_style=&#8220;zoom&#8220; animation_direction=&#8220;left&#8220; global_colors_info=&#8220;{}&#8220;][et_pb_column type=&#8220;1_4&#8243; _builder_version=&#8220;4.27.0&#8243; _module_preset=&#8220;default&#8220; global_colors_info=&#8220;{}&#8220;][et_pb_image src=&#8220;https:\/\/anton-steaks.de\/wp-content\/uploads\/2024\/07\/anton-klamoettchen.png&#8220; title_text=&#8220;anton-klam\u00f6ttchen&#8220; _builder_version=&#8220;4.27.0&#8243; _module_preset=&#8220;default&#8220; global_colors_info=&#8220;{}&#8220;][\/et_pb_image][\/et_pb_column][et_pb_column type=&#8220;3_4&#8243; _builder_version=&#8220;4.27.0&#8243; _module_preset=&#8220;default&#8220; global_colors_info=&#8220;{}&#8220;][et_pb_text _builder_version=&#8220;4.27.0&#8243; _module_preset=&#8220;default&#8220; global_colors_info=&#8220;{}&#8220;]<\/p>\n<p style=\"text-align: justify;\"><span style=\"font-size: medium;\"><strong><\/strong><\/span><strong>1986 \u2013 2005 Anton\u2019s Klam\u00f6ttchen in B\u00fcsdorf<\/strong><br \/>1986 \u2013 Der Ortswechsel ist vollzogen, die Location in der Windm\u00fchlenstrasse 14 in B\u00fcsdorf ist wesentlich gr\u00f6\u00dfer und bietet viel mehr M\u00f6glichkeiten als Glessen. Nach wenigen Wochen Umbauzeit \u00f6ffnete das Restaurant \u201cAnton\u2019s Klam\u00f6ttchen\u201d seine Pforten und war bereit die B\u00fcsdorfer und jedem der sich hier einfindet mit schmackhaften argentinischen Steaks vom Lava-Grill zu verw\u00f6hnen. Das neue Restaurant wurde von den B\u00fcsdorfern gut aufgenommen und es sprach sich schnell herum das man hier hervorragend und preiswert speisen kann. Mit Kegelbahn, gro\u00dfem Festsaal und Biergarten sicherte sich Walter Anton weit \u00fcber die Grenzen B\u00fcsdorf\u2019s hinaus seine Stammkundschaft und unter Feinschmeckern wurde \u201cAnton\u2019s Klam\u00f6ttchen\u201d eh als Geheimtipp in Sachen Steaks gehandelt. In seinem fast legend\u00e4ren Biergarten \u201cBel \u00c4r\u201d konnten die G\u00e4ste an sch\u00f6nen Sonnentagen sich ganz wie im Urlaub f\u00fchlen. Und dann nach fast 20 Jahren bot sich 2005 in Pulheim erneut eine phantastische M\u00f6glichkeit die Walter Anton unm\u00f6glich ungenutzt verstreichen lassen konnte. Sein neues Projekt hei\u00dft ANTON-STEAKS \u2013 das gewaltigste Projekt.<\/p>\n<p>[\/et_pb_text][\/et_pb_column][\/et_pb_row][et_pb_row column_structure=&#8220;1_4,3_4&#8243; _builder_version=&#8220;4.27.0&#8243; _module_preset=&#8220;default&#8220; animation_style=&#8220;zoom&#8220; animation_direction=&#8220;left&#8220; global_colors_info=&#8220;{}&#8220;][et_pb_column type=&#8220;1_4&#8243; _builder_version=&#8220;4.27.0&#8243; _module_preset=&#8220;default&#8220; global_colors_info=&#8220;{}&#8220;][et_pb_image src=&#8220;https:\/\/anton-steaks.de\/wp-content\/uploads\/2024\/07\/anton-pulheim.png&#8220; title_text=&#8220;anton-pulheim&#8220; _builder_version=&#8220;4.27.0&#8243; _module_preset=&#8220;default&#8220; width=&#8220;100%&#8220; custom_padding=&#8220;|3px||||&#8220; global_colors_info=&#8220;{}&#8220;][\/et_pb_image][\/et_pb_column][et_pb_column type=&#8220;3_4&#8243; _builder_version=&#8220;4.27.0&#8243; _module_preset=&#8220;default&#8220; global_colors_info=&#8220;{}&#8220;][et_pb_text _builder_version=&#8220;4.27.0&#8243; _module_preset=&#8220;default&#8220; global_colors_info=&#8220;{}&#8220;]<\/p>\n<p style=\"text-align: justify;\"><span style=\"font-size: medium;\"><strong><\/strong><\/span><strong>2005 &#8211; DAS RESTAURANT ANTON IN PULHEIM<\/strong><br \/>Anton\u2019s Klam\u00f6ttchen in B\u00fcsdorf ist Geschichte. Nach fast einj\u00e4hriger Umbauzeit er\u00f6ffnet Walter Anton am 15.Nov.2005 sein Steak-Restaurant ANTON. Das Restaurant ANTON \u201cAuf dem Driesch 18\u201d wurde modern gestaltet, au\u00dfen Rot und mit Sommer-Terrasse innen hell mit mediterranem Ambiente und atmosph\u00e4rischer Dekoration. Das Restaurant ist t\u00e4glich ab 11.00 Uhr und ab 17.00 Uhr ge\u00f6ffnet. Die G\u00e4ste k\u00f6nnen sich hier von freundlicher Bedienung mit schmackhaften Speisen und Getr\u00e4nken verw\u00f6hnen lassen. Nat\u00fcrlich dreht sich auch hier alles um argentinische Steaks, deren Zubereitung Walter Anton in den Jahren zuvor in Glessen und B\u00fcsdorf ja schon perfektionieren konnte. In Pulheim hat Walter Anton eine perfekte Arbeitsumgebung f\u00fcr sich und sein Team schaffen k\u00f6nnen. Im Gastraum findet der Gast, ob allein zu zweit oder in gr\u00f6\u00dferen Gruppen (bis 20 Personen) immer einen gem\u00fctlichen Platz. Also beste Bedingungen um die G\u00e4ste so richtig verw\u00f6hnen zu k\u00f6nnen. Damit die G\u00e4ste nicht so weit gehen m\u00fcssen befinden sich hinter dem Haus Restaurant eigene Parkpl\u00e4tze.<\/p>\n<p>[\/et_pb_text][\/et_pb_column][\/et_pb_row][\/et_pb_section][et_pb_section fb_built=&#8220;1&#8243; _builder_version=&#8220;4.24.0&#8243; _module_preset=&#8220;default&#8220; use_background_color_gradient=&#8220;on&#8220; background_color_gradient_direction=&#8220;270deg&#8220; background_color_gradient_stops=&#8220;#ffffff 0%|#ffffff 31%|rgba(0,61,94,0.94) 31%&#8220; global_colors_info=&#8220;{}&#8220;][et_pb_row column_structure=&#8220;2_3,1_3&#8243; _builder_version=&#8220;4.24.0&#8243; _module_preset=&#8220;default&#8220; global_colors_info=&#8220;{}&#8220;][et_pb_column type=&#8220;2_3&#8243; _builder_version=&#8220;4.24.0&#8243; _module_preset=&#8220;default&#8220; global_colors_info=&#8220;{}&#8220;][et_pb_heading title=&#8220;Reservieren Sie Ihren Tisch noch heute!&#8220; _builder_version=&#8220;4.24.0&#8243; _module_preset=&#8220;default&#8220; title_text_color=&#8220;#efcb00&#8243; title_font_size=&#8220;34px&#8220; global_colors_info=&#8220;{}&#8220;][\/et_pb_heading][et_pb_text _builder_version=&#8220;4.24.0&#8243; _module_preset=&#8220;default&#8220; text_text_color=&#8220;#E09900&#8243; text_font_size=&#8220;17px&#8220; global_colors_info=&#8220;{}&#8220;]<\/p>\n<p style=\"text-align: justify;\">Jedes Gericht ist ein unvergessliches Geschmackserlebnis. Unsere Leidenschaft f\u00fcr perfekt zubereitete argentinische Steaks spiegelt sich in jeder k\u00f6stlichen Kreation wider. Lassen Sie sich von uns verw\u00f6hnen und erleben Sie Steak-Perfektion pur bei Anton. Reservieren Sie noch heute und entdecken Sie den Geschmack von Genuss und Qualit\u00e4t \u2013 wir machen Steaks!<\/p>\n<p>[\/et_pb_text][et_pb_button button_text=&#8220;Tischreservierung&#8220; _builder_version=&#8220;4.27.4&#8243; _module_preset=&#8220;default&#8220; hover_enabled=&#8220;0&#8243; box_shadow_style=&#8220;preset3&#8243; global_colors_info=&#8220;{}&#8220; sticky_enabled=&#8220;0&#8243;][\/et_pb_button][\/et_pb_column][et_pb_column type=&#8220;1_3&#8243; _builder_version=&#8220;4.24.0&#8243; _module_preset=&#8220;default&#8220; global_colors_info=&#8220;{}&#8220;][et_pb_image src=&#8220;https:\/\/anton-steaks.de\/wp-content\/uploads\/2024\/07\/speika-bild.jpg&#8220; title_text=&#8220;speika-bild&#8220; url=&#8220;@ET-DC@eyJkeW5hbWljIjp0cnVlLCJjb250ZW50IjoicG9zdF9saW5rX3VybF9wYWdlIiwic2V0dGluZ3MiOnsicG9zdF9pZCI6IjY5In19@&#8220; _builder_version=&#8220;4.27.0&#8243; _dynamic_attributes=&#8220;url&#8220; _module_preset=&#8220;default&#8220; global_colors_info=&#8220;{}&#8220;][\/et_pb_image][\/et_pb_column][\/et_pb_row][\/et_pb_section]<\/p>\n","protected":false},"excerpt":{"rendered":"<p>Von damals bis heute1969 &#8211; 1980 &#8211; ANTON&#8217;S &#8222;SPINNE&#8220;Viele erinnern sich noch gerne an die turbulenten Zeiten in der SPINNE, zur damaligen Zeit (1969) wohl mit der angesagteste Laden in Pulheim. Hier traf man Alle und Jeden. Hier f\u00fchlte man sich wohl. Das Konzept der &#8222;Spinne&#8220; welches sich Walter Anton ausgedacht hatte funktionierte \u00fcber viele [&hellip;]<\/p>\n","protected":false},"author":1,"featured_media":0,"parent":0,"menu_order":0,"comment_status":"closed","ping_status":"closed","template":"","meta":{"_et_pb_use_builder":"on","_et_pb_old_content":"","_et_gb_content_width":"","footnotes":""},"class_list":["post-150","page","type-page","status-publish","hentry"],"_links":{"self":[{"href":"https:\/\/anton-steaks.de\/index.php\/wp-json\/wp\/v2\/pages\/150","targetHints":{"allow":["GET"]}}],"collection":[{"href":"https:\/\/anton-steaks.de\/index.php\/wp-json\/wp\/v2\/pages"}],"about":[{"href":"https:\/\/anton-steaks.de\/index.php\/wp-json\/wp\/v2\/types\/page"}],"author":[{"embeddable":true,"href":"https:\/\/anton-steaks.de\/index.php\/wp-json\/wp\/v2\/users\/1"}],"replies":[{"embeddable":true,"href":"https:\/\/anton-steaks.de\/index.php\/wp-json\/wp\/v2\/comments?post=150"}],"version-history":[{"count":6,"href":"https:\/\/anton-steaks.de\/index.php\/wp-json\/wp\/v2\/pages\/150\/revisions"}],"predecessor-version":[{"id":326,"href":"https:\/\/anton-steaks.de\/index.php\/wp-json\/wp\/v2\/pages\/150\/revisions\/326"}],"wp:attachment":[{"href":"https:\/\/anton-steaks.de\/index.php\/wp-json\/wp\/v2\/media?parent=150"}],"curies":[{"name":"wp","href":"https:\/\/api.w.org\/{rel}","templated":true}]}}