{"id":185,"date":"2024-07-23T22:14:32","date_gmt":"2024-07-23T20:14:32","guid":{"rendered":"https:\/\/anton-steaks.de\/?page_id=185"},"modified":"2024-07-23T22:14:32","modified_gmt":"2024-07-23T20:14:32","slug":"impressum-2","status":"publish","type":"page","link":"https:\/\/anton-steaks.de\/index.php\/impressum-2\/","title":{"rendered":"Impressum"},"content":{"rendered":"<p>[et_pb_section fb_built=&#8220;1&#8243; theme_builder_area=&#8220;post_content&#8220; _builder_version=&#8220;4.27.0&#8243; _module_preset=&#8220;default&#8220;][et_pb_row _builder_version=&#8220;4.27.0&#8243; _module_preset=&#8220;default&#8220; theme_builder_area=&#8220;post_content&#8220;][et_pb_column _builder_version=&#8220;4.27.0&#8243; _module_preset=&#8220;default&#8220; type=&#8220;4_4&#8243; theme_builder_area=&#8220;post_content&#8220;][et_pb_text _builder_version=&#8220;4.27.0&#8243; _module_preset=&#8220;default&#8220; theme_builder_area=&#8220;post_content&#8220; hover_enabled=&#8220;0&#8243; sticky_enabled=&#8220;0&#8243;]<\/p>\n<h1 class=\"font_0 wixui-rich-text__text\" style=\"font-size: 45px;\"><span style=\"color: #4c4446;\" class=\"wixui-rich-text__text\"><span style=\"font-size: 45px;\" class=\"wixui-rich-text__text\">Impressum<\/span><\/span><\/h1>\n<h2 class=\"font_2 wixui-rich-text__text\" style=\"font-size: 18px;\"><span style=\"color: #e0d3c8;\" class=\"wixui-rich-text__text\"><span style=\"font-family: wfont_286665_f8ac53f465564a1f9728ffaf189ec038,wf_f8ac53f465564a1f9728ffaf1,orig_rubik_medium;\" class=\"wixui-rich-text__text\"><span style=\"font-size: 18px;\" class=\"wixui-rich-text__text\">Angaben gem\u00e4\u00df \u00a7 5 TMG<\/span><\/span><\/span><\/h2>\n<h2 class=\"font_2 wixui-rich-text__text\" style=\"font-size: 23px;\"><span class=\"wixGuard wixui-rich-text__text\">\u200b<\/span><\/h2>\n<p class=\"font_7 wixui-rich-text__text\" style=\"line-height: 1.4em; font-size: 17px;\">Walter Anton<br \/>Auf dem Driesch 18<br \/>50259 Pulheim<\/p>\n<p class=\"font_8 wixui-rich-text__text\" style=\"font-size: 15px;\"><span class=\"wixGuard wixui-rich-text__text\">\u200b<\/span><\/p>\n<h2 class=\"font_2 wixui-rich-text__text\" style=\"font-size: 23px;\">Kontakt<br class=\"wixui-rich-text__text\" \/><span style=\"font-family: wfont_286665_3dbbdda2a5a34f81bf5ea7fd02964ea2,wf_3dbbdda2a5a34f81bf5ea7fd0,orig_rubik_regular;\" class=\"wixui-rich-text__text\"><span style=\"font-size: 17px;\" class=\"wixui-rich-text__text\">E-Mail: <a data-auto-recognition=\"true\" href=\"mailto:l.puzich@web.de\" class=\"wixui-rich-text__text\">info@anton-steaks.de<\/a><\/span><\/span><\/h2>\n<p class=\"font_8 wixui-rich-text__text\" style=\"font-size: 15px;\"><span class=\"wixGuard wixui-rich-text__text\">\u200b<\/span><\/p>\n<p class=\"font_8 wixui-rich-text__text\" style=\"font-size: 15px;\"><span class=\"wixGuard wixui-rich-text__text\">\u200b<\/span><\/p>\n<h2 class=\"font_2 wixui-rich-text__text\" style=\"font-size: 23px;\">Umsatzsteuer-ID<\/h2>\n<p class=\"font_7 wixui-rich-text__text\" style=\"line-height: 1.4em; font-size: 17px;\">Umsatzsteuer-Identifikationsnummer gem\u00e4\u00df \u00a7 27 a Umsatzsteuergesetz:<br class=\"wixui-rich-text__text\" \/><span style=\"font-family: wfont_286665_f8ac53f465564a1f9728ffaf189ec038,wf_f8ac53f465564a1f9728ffaf1,orig_rubik_medium;\" class=\"wixui-rich-text__text\"><span style=\"font-weight: bold;\" class=\"wixui-rich-text__text\">DE xxxxxxxxxxxxx<\/span><\/span><\/p>\n<p class=\"font_8 wixui-rich-text__text\" style=\"font-size: 15px;\"><span class=\"wixGuard wixui-rich-text__text\">\u200b<\/span><\/p>\n<p class=\"font_8 wixui-rich-text__text\" style=\"font-size: 15px;\"><span class=\"wixGuard wixui-rich-text__text\">\u200b<\/span><\/p>\n<h2 class=\"font_2 wixui-rich-text__text\" style=\"font-size: 23px;\">EU-Streitschlichtung<\/h2>\n<p class=\"font_7 wixui-rich-text__text\" style=\"line-height: 1.4em; font-size: 17px;\">Die Europ\u00e4ische Kommission stellt eine Plattform zur Online-Streitbeilegung (OS) bereit:\u00a0<a href=\"https:\/\/ec.europa.eu\/consumers\/odr\" target=\"_blank\" class=\"wixui-rich-text__text\" rel=\"noopener\"><\/a><a data-auto-recognition=\"true\" href=\"https:\/\/ec.europa.eu\/consumers\/odr\" target=\"_blank\" class=\"wixui-rich-text__text\" rel=\"noopener\">https:\/\/ec.europa.eu\/consumers\/odr<\/a>.<br class=\"wixui-rich-text__text\" \/>Unsere E-Mail-Adresse finden Sie oben im Impressum.<\/p>\n<p class=\"font_8 wixui-rich-text__text\" style=\"font-size: 15px;\"><span class=\"wixGuard wixui-rich-text__text\">\u200b<\/span><\/p>\n<p class=\"font_8 wixui-rich-text__text\" style=\"font-size: 15px;\"><span class=\"wixGuard wixui-rich-text__text\">\u200b<\/span><\/p>\n<h2 class=\"font_2 wixui-rich-text__text\" style=\"font-size: 23px;\">Verbraucher\u00adstreit\u00adbeilegung\/Universal\u00adschlichtungs\u00adstelle<\/h2>\n<p class=\"font_7 wixui-rich-text__text\" style=\"line-height: 1.4em; font-size: 17px;\">Wir sind nicht bereit oder verpflichtet, an Streitbeilegungsverfahren<\/p>\n<p class=\"font_7 wixui-rich-text__text\" style=\"line-height: 1.4em; font-size: 17px;\">vor einer Verbraucherschlichtungsstelle teilzunehmen.<\/p>\n<p class=\"font_7 wixui-rich-text__text\" style=\"font-size: 17px;\"><span class=\"wixGuard wixui-rich-text__text\">\u200b<\/span><\/p>\n<p class=\"font_7 wixui-rich-text__text\" style=\"font-size: 17px;\"><span class=\"wixGuard wixui-rich-text__text\">\u200b<\/span><\/p>\n<h2 class=\"font_2 wixui-rich-text__text\" style=\"font-size: 23px;\">Haftung f\u00fcr Inhalte<\/h2>\n<p class=\"font_7 wixui-rich-text__text\" style=\"line-height: 1.4em; font-size: 17px;\">Als Diensteanbieter sind wir gem\u00e4\u00df \u00a7 7 Abs.1 TMG f\u00fcr eigene Inhalte auf diesen Seiten nach den allgemeinen Gesetzen verantwortlich. Nach \u00a7\u00a7 8 bis 10 TMG sind wir als Diensteanbieter jedoch nicht verpflichtet, \u00fcbermittelte oder gespeicherte fremde Informationen zu \u00fcberwachen oder nach Umst\u00e4nden zu forschen, die auf eine rechtswidrige T\u00e4tigkeit hinweisen.<\/p>\n<p class=\"font_7 wixui-rich-text__text\" style=\"font-size: 17px;\"><span class=\"wixGuard wixui-rich-text__text\">\u200b<\/span><\/p>\n<p class=\"font_7 wixui-rich-text__text\" style=\"line-height: 1.4em; font-size: 17px;\">Verpflichtungen zur Entfernung oder Sperrung der Nutzung von Informationen nach den allgemeinen Gesetzen bleiben hiervon unber\u00fchrt. Eine diesbez\u00fcgliche Haftung ist jedoch erst ab dem Zeitpunkt der Kenntnis einer konkreten Rechtsverletzung m\u00f6glich. Bei Bekanntwerden von entsprechenden Rechtsverletzungen werden wir diese Inhalte umgehend entfernen.<\/p>\n<p class=\"font_7 wixui-rich-text__text\" style=\"font-size: 17px;\"><span class=\"wixGuard wixui-rich-text__text\">\u200b<\/span><\/p>\n<p class=\"font_8 wixui-rich-text__text\" style=\"font-size: 15px;\"><span class=\"wixGuard wixui-rich-text__text\">\u200b<\/span><\/p>\n<h2 class=\"font_2 wixui-rich-text__text\" style=\"font-size: 23px;\">Haftung f\u00fcr Links<\/h2>\n<p class=\"font_7 wixui-rich-text__text\" style=\"line-height: 1.4em; font-size: 17px;\">Unser Angebot enth\u00e4lt Links zu externen Websites Dritter, auf deren Inhalte wir keinen Einfluss haben. Deshalb k\u00f6nnen wir f\u00fcr diese fremden Inhalte auch keine Gew\u00e4hr \u00fcbernehmen. F\u00fcr die Inhalte der verlinkten Seiten ist stets der jeweilige Anbieter oder Betreiber der Seiten verantwortlich. Die verlinkten Seiten wurden zum Zeitpunkt der Verlinkung auf m\u00f6gliche Rechtsverst\u00f6\u00dfe \u00fcberpr\u00fcft. Rechtswidrige Inhalte waren zum Zeitpunkt der Verlinkung nicht erkennbar.<\/p>\n<p class=\"font_7 wixui-rich-text__text\" style=\"line-height: 1.4em; font-size: 17px;\">Eine permanente inhaltliche Kontrolle der verlinkten Seiten ist jedoch ohne konkrete Anhaltspunkte einer Rechtsverletzung nicht zumutbar. Bei Bekanntwerden von Rechtsverletzungen werden wir derartige Links umgehend entfernen.<\/p>\n<p class=\"font_8 wixui-rich-text__text\" style=\"font-size: 15px;\"><span class=\"wixGuard wixui-rich-text__text\">\u200b<\/span><\/p>\n<h2 class=\"font_2 wixui-rich-text__text\" style=\"font-size: 23px;\">Urheberrecht<\/h2>\n<p class=\"font_7 wixui-rich-text__text\" style=\"line-height: 1.4em; font-size: 17px;\">Die durch die Seitenbetreiber erstellten Inhalte und Werke auf diesen Seiten unterliegen dem deutschen Urheberrecht. Die Vervielf\u00e4ltigung, Bearbeitung, Verbreitung und jede Art der Verwertung au\u00dferhalb der Grenzen des Urheberrechtes bed\u00fcrfen der schriftlichen Zustimmung des jeweiligen Autors bzw. Erstellers. Downloads und Kopien dieser Seite sind nur f\u00fcr den privaten, nicht kommerziellen Gebrauch gestattet.<\/p>\n<p class=\"font_7 wixui-rich-text__text\" style=\"line-height: 1.4em; font-size: 17px;\">Soweit die Inhalte auf dieser Seite nicht vom Betreiber erstellt wurden, werden die Urheberrechte Dritter beachtet. Insbesondere werden Inhalte Dritter als solche gekennzeichnet. Sollten Sie trotzdem auf eine Urheberrechtsverletzung aufmerksam werden, bitten wir um einen entsprechenden Hinweis. Bei Bekanntwerden von Rechtsverletzungen werden wir derartige Inhalte umgehend entfernen.<\/p>\n<p class=\"font_7 wixui-rich-text__text\" style=\"line-height: 1.4em; font-size: 17px;\">\n<div id=\"cmplz-document\" class=\"cmplz-document impressum cmplz-document-all\">\n<p><i>Dieses Impressum wurde zuletzt am 21. Juli 2024 aktualisiert.<\/i><\/p>\n<p class=\"cmplz-subtitle\">Der Eigent\u00fcmer dieser Website ist:<\/p>\n<p>Walter Anton <br \/>Auf dem Driesch 18, <br \/>50259 Pulheim<br \/>Deutschland<br \/>E-Mail: info@anton-steaks.de<br \/>Telefonnummer: 02238-942027<\/p>\n<p class=\"cmplz-subtitle\">Der\/die gesetzliche(n) Vertreter von Anton :<\/p>\n<p>Walter Anton<\/p>\n<h2>1. Allgemein<\/h2>\n<p>Wir sind nicht bereit oder verpflichtet, an Streitbeilegungsverfahren vor einer Verbraucherschlichtungsstelle teilzunehmen.<\/p>\n<h2><\/h2>\n<\/div>\n<p>[\/et_pb_text][\/et_pb_column][\/et_pb_row][\/et_pb_section]<\/p>\n","protected":false},"excerpt":{"rendered":"<p>Impressum Angaben gem\u00e4\u00df \u00a7 5 TMG \u200b Walter AntonAuf dem Driesch 1850259 Pulheim \u200b KontaktE-Mail: info@anton-steaks.de \u200b \u200b Umsatzsteuer-ID Umsatzsteuer-Identifikationsnummer gem\u00e4\u00df \u00a7 27 a Umsatzsteuergesetz:DE xxxxxxxxxxxxx \u200b \u200b EU-Streitschlichtung Die Europ\u00e4ische Kommission stellt eine Plattform zur Online-Streitbeilegung (OS) bereit:\u00a0https:\/\/ec.europa.eu\/consumers\/odr.Unsere E-Mail-Adresse finden Sie oben im Impressum. \u200b \u200b Verbraucher\u00adstreit\u00adbeilegung\/Universal\u00adschlichtungs\u00adstelle Wir sind nicht bereit oder verpflichtet, an [&hellip;]<\/p>\n","protected":false},"author":1,"featured_media":0,"parent":0,"menu_order":0,"comment_status":"closed","ping_status":"closed","template":"","meta":{"_et_pb_use_builder":"on","_et_pb_old_content":"","_et_gb_content_width":"","footnotes":""},"class_list":["post-185","page","type-page","status-publish","hentry"],"_links":{"self":[{"href":"https:\/\/anton-steaks.de\/index.php\/wp-json\/wp\/v2\/pages\/185","targetHints":{"allow":["GET"]}}],"collection":[{"href":"https:\/\/anton-steaks.de\/index.php\/wp-json\/wp\/v2\/pages"}],"about":[{"href":"https:\/\/anton-steaks.de\/index.php\/wp-json\/wp\/v2\/types\/page"}],"author":[{"embeddable":true,"href":"https:\/\/anton-steaks.de\/index.php\/wp-json\/wp\/v2\/users\/1"}],"replies":[{"embeddable":true,"href":"https:\/\/anton-steaks.de\/index.php\/wp-json\/wp\/v2\/comments?post=185"}],"version-history":[{"count":2,"href":"https:\/\/anton-steaks.de\/index.php\/wp-json\/wp\/v2\/pages\/185\/revisions"}],"predecessor-version":[{"id":188,"href":"https:\/\/anton-steaks.de\/index.php\/wp-json\/wp\/v2\/pages\/185\/revisions\/188"}],"wp:attachment":[{"href":"https:\/\/anton-steaks.de\/index.php\/wp-json\/wp\/v2\/media?parent=185"}],"curies":[{"name":"wp","href":"https:\/\/api.w.org\/{rel}","templated":true}]}}